{"id":64,"date":"2023-12-01T08:10:49","date_gmt":"2023-12-01T08:10:49","guid":{"rendered":"https:\/\/aminahassineart.com\/?page_id=64"},"modified":"2023-12-05T19:24:08","modified_gmt":"2023-12-05T19:24:08","slug":"biography","status":"publish","type":"page","link":"https:\/\/aminahassineart.com\/fr\/biography\/","title":{"rendered":"Biographie"},"content":{"rendered":"<p>[et_pb_section fb_built=&#8221;1&#8243; _builder_version=&#8221;4.23.1&#8243; _module_preset=&#8221;default&#8221; background_color=&#8221;#020202&#8243; hover_enabled=&#8221;0&#8243; global_colors_info=&#8221;{}&#8221; title_text=&#8221;Background&#8221; background_image=&#8221;https:\/\/aminahassineart.com\/wp-content\/uploads\/2023\/12\/Background-scaled.webp&#8221; parallax=&#8221;on&#8221; sticky_enabled=&#8221;0&#8243;][et_pb_row _builder_version=&#8221;4.23.1&#8243; _module_preset=&#8221;default&#8221; column_structure=&#8221;2_3,1_3&#8243; hover_enabled=&#8221;0&#8243; sticky_enabled=&#8221;0&#8243;][et_pb_column _builder_version=&#8221;4.23.1&#8243; _module_preset=&#8221;default&#8221; type=&#8221;2_3&#8243;][et_pb_heading title=&#8221;Biography&#8221; _builder_version=&#8221;4.23.1&#8243; _module_preset=&#8221;default&#8221; hover_enabled=&#8221;0&#8243; sticky_enabled=&#8221;0&#8243;][\/et_pb_heading][et_pb_text _builder_version=&#8221;4.23.1&#8243; _module_preset=&#8221;default&#8221; global_colors_info=&#8221;{}&#8221;]<\/p>\n<p>Amina Hassine est une artiste tunisienne n\u00e9e avec une passion inn\u00e9e pour le dessin et les couleurs. Pour elle, la peinture est plus qu'une passion, elle fait partie de son esprit libre et de l'immensit\u00e9 de son imagination sans fin. Elle privil\u00e9gie l'innovation et la richesse des formes, des couleurs et des significations, et est attir\u00e9e par diff\u00e9rentes \u00e9coles de peinture, de la fantaisie et de l'abstraction \u00e0 la modernit\u00e9 et au surr\u00e9alisme.<\/p>\n<p>[\/et_pb_text][et_pb_text _builder_version=&#8221;4.23.1&#8243; _module_preset=&#8221;default&#8221; global_colors_info=&#8221;{}&#8221;]<\/p>\n<p>C'est une artiste autodidacte qui utilise son talent d'une part et l'affine d'autre part. Elle a \u00e9tudi\u00e9 \u00e0 l'\u00c9cole des hautes \u00e9tudes commerciales et a obtenu un dipl\u00f4me en gestion comptable. En 2023, elle d\u00e9cide de se consacrer \u00e0 la peinture et de repenser ses priorit\u00e9s et ses moyens d'atteindre la vraie libert\u00e9. Car la libert\u00e9 vient quand on se donne enti\u00e8rement \u00e0 ce que l'on veut de tout son c\u0153ur. Elle aime la cr\u00e9ativit\u00e9 et les arts en g\u00e9n\u00e9ral et ne voit pas la vie belle sans eux. Son \u00e2me nage dans le monde de l'imagination et de l'\u00e9motion \u00e0 chaque fois qu'elle entend un bon po\u00e8me. Elle est accro \u00e0 la lecture et au plaisir. Elle s'int\u00e9resse \u00e0 la litt\u00e9rature et \u00e0 la philosophie, et aime enfreindre les r\u00e8gles et se rebeller contre l'ordre \u00e9tabli.\n\nTraduit avec DeepL.com (version gratuite)<\/p>\n<p>[\/et_pb_text][\/et_pb_column][et_pb_column _builder_version=&#8221;4.23.1&#8243; _module_preset=&#8221;default&#8221; type=&#8221;1_3&#8243;][et_pb_image src=&#8221;https:\/\/aminahassineart.com\/wp-content\/uploads\/2023\/12\/Amina-Bio.webp&#8221; _builder_version=&#8221;4.23.1&#8243; _module_preset=&#8221;default&#8221; title_text=&#8221;Amina Bio&#8221; hover_enabled=&#8221;0&#8243; sticky_enabled=&#8221;0&#8243;][\/et_pb_image][\/et_pb_column][\/et_pb_row][\/et_pb_section]<\/p>","protected":false},"excerpt":{"rendered":"<p>Amina Hassine is a Tunisian artist who was born with an innate passion for drawing and colours. For her, painting is more than a passion, it is part of her free spirit and the vastness of her endless imagination. She favours innovation and a richness of shapes, colours and meanings, and is drawn to different [&hellip;]<\/p>","protected":false},"author":1,"featured_media":0,"parent":0,"menu_order":0,"comment_status":"closed","ping_status":"closed","template":"","meta":{"_et_pb_use_builder":"on","_et_pb_old_content":"","_et_gb_content_width":"1080","footnotes":""},"_links":{"self":[{"href":"https:\/\/aminahassineart.com\/fr\/wp-json\/wp\/v2\/pages\/64"}],"collection":[{"href":"https:\/\/aminahassineart.com\/fr\/wp-json\/wp\/v2\/pages"}],"about":[{"href":"https:\/\/aminahassineart.com\/fr\/wp-json\/wp\/v2\/types\/page"}],"author":[{"embeddable":true,"href":"https:\/\/aminahassineart.com\/fr\/wp-json\/wp\/v2\/users\/1"}],"replies":[{"embeddable":true,"href":"https:\/\/aminahassineart.com\/fr\/wp-json\/wp\/v2\/comments?post=64"}],"version-history":[{"count":8,"href":"https:\/\/aminahassineart.com\/fr\/wp-json\/wp\/v2\/pages\/64\/revisions"}],"predecessor-version":[{"id":147,"href":"https:\/\/aminahassineart.com\/fr\/wp-json\/wp\/v2\/pages\/64\/revisions\/147"}],"wp:attachment":[{"href":"https:\/\/aminahassineart.com\/fr\/wp-json\/wp\/v2\/media?parent=64"}],"curies":[{"name":"wp","href":"https:\/\/api.w.org\/{rel}","templated":true}]}}